{"id":544,"date":"2024-02-09T09:05:46","date_gmt":"2024-02-09T09:05:46","guid":{"rendered":"https:\/\/fliesenleger-falk.de\/?page_id=544"},"modified":"2024-02-09T09:20:05","modified_gmt":"2024-02-09T09:20:05","slug":"datenschutz","status":"publish","type":"page","link":"https:\/\/fliesenleger-falk.de\/?page_id=544","title":{"rendered":"Datenschutz"},"content":{"rendered":"\t\t<div data-elementor-type=\"wp-page\" data-elementor-id=\"544\" class=\"elementor elementor-544\">\n\t\t\t\t\t\t\t<div class=\"elementor-element elementor-element-011f44d e-flex e-con-boxed e-con e-parent\" data-id=\"011f44d\" data-element_type=\"container\" data-settings=\"{&quot;content_width&quot;:&quot;boxed&quot;}\" data-core-v316-plus=\"true\">\n\t\t\t\t\t<div class=\"e-con-inner\">\n\t\t\t\t<div class=\"elementor-element elementor-element-d08981e elementor-widget elementor-widget-text-editor\" data-id=\"d08981e\" data-element_type=\"widget\" data-widget_type=\"text-editor.default\">\n\t\t\t\t<div class=\"elementor-widget-container\">\n\t\t\t<style>\/*! elementor - v3.16.0 - 20-09-2023 *\/\n.elementor-widget-text-editor.elementor-drop-cap-view-stacked .elementor-drop-cap{background-color:#69727d;color:#fff}.elementor-widget-text-editor.elementor-drop-cap-view-framed .elementor-drop-cap{color:#69727d;border:3px solid;background-color:transparent}.elementor-widget-text-editor:not(.elementor-drop-cap-view-default) .elementor-drop-cap{margin-top:8px}.elementor-widget-text-editor:not(.elementor-drop-cap-view-default) .elementor-drop-cap-letter{width:1em;height:1em}.elementor-widget-text-editor .elementor-drop-cap{float:left;text-align:center;line-height:1;font-size:50px}.elementor-widget-text-editor .elementor-drop-cap-letter{display:inline-block}<\/style>\t\t\t\t<h2><strong>I.\u00a0Informationen \u00fcber die Verarbeitung Ihrer Daten gem\u00e4\u00df Art. 13 der Datenschutz-Grundverordnung (DS-GVO)<\/strong><\/h2><h3><strong>1.\u00a0Verantwortlicher und Datenschutzbeauftragter<\/strong><\/h3><p>Verantwortlich f\u00fcr diese Website ist<\/p><p>Falk Hofmann<\/p><p>Holzkaute 15a, 34628 Willingshausen<\/p><p><a href=\"mailto:info@fliesenleger-falk.de\">info@fliesenleger-falk.de<\/a>.<\/p><h3><strong>2. Daten, die f\u00fcr die Bereitstellung der Website und die Erstellung der Protokolldateien verarbeitet werden<\/strong><\/h3><h4><strong>a. Welche Daten werden f\u00fcr welchen Zweck verarbeitet?<\/strong><\/h4><p>Bei jedem Zugriff auf Inhalte der Website werden vor\u00fcbergehend Daten gespeichert, die m\u00f6glicherweise eine Identifizierung zulassen. Die folgenden Daten werden hierbei erhoben:<\/p><p>&#8211;\u00a0Datum und Uhrzeit des Zugriffs<\/p><p>&#8211; IP-Adresse<\/p><p>&#8211;\u00a0Hostname des zugreifenden Rechners<\/p><p>&#8211;\u00a0Website, von der aus die Website aufgerufen wurde<\/p><p>&#8211;\u00a0Websites, die \u00fcber die Website aufgerufen werden<\/p><p>&#8211;\u00a0Besuchte Seite auf unserer Website<\/p><p>&#8211;\u00a0Meldung, ob der Abruf erfolgreich war<\/p><p>&#8211;\u00a0\u00dcbertragene Datenmenge<\/p><p>&#8211;\u00a0Informationen \u00fcber den Browsertyp und die verwendete Version<\/p><p>&#8211;\u00a0Betriebssystem<\/p><p>Die vor\u00fcbergehende Speicherung der Daten ist f\u00fcr den Ablauf eines Websitebesuchs erforderlich, um eine Auslieferung der Website zu erm\u00f6glichen. Eine weitere Speicherung in Protokolldateien erfolgt, um die Funktionsf\u00e4higkeit der Website und die Sicherheit der informationstechnischen Systeme sicherzustellen. In diesen Zwecken liegt auch unser berechtigtes Interesse an der Datenverarbeitung.<\/p><h4><strong>b. Auf welcher Rechtsgrundlage werden diese Daten verarbeitet?<\/strong><\/h4><p>Die Daten werden auf der Grundlage des Art. 6 Abs. 1 Buchstabe f DS-GVO verarbeitet.<\/p><h4><strong>c. Wie lange werden die Daten gespeichert?<\/strong><\/h4><p>Die Daten werden gel\u00f6scht, sobald sie f\u00fcr die Erreichung des Zwecks ihrer Erhebung nicht mehr erforderlich sind. Bei der Bereitstellung der Website ist dies der Fall, wenn die jeweilige Sitzung beendet ist. Die Protokolldateien werden direkt und ausschlie\u00dflich f\u00fcr Administratoren zug\u00e4nglich aufbewahrt.<\/p><h3><strong>3. Betroffenenrechte<\/strong><\/h3><h4><strong>a. Recht auf Auskunft<\/strong><\/h4><p>Sie k\u00f6nnen Auskunft nach Art. 15 DS-GVO \u00fcber Ihre personenbezogenen Daten verlangen, die wir verarbeiten.<\/p><h4><strong>b. Recht auf Widerspruch:<\/strong><\/h4><p>Sie haben ein Recht auf Widerspruch aus besonderen Gr\u00fcnden (siehe unter Punkt II).<\/p><h4><strong>c. Recht auf Berichtigung<\/strong><\/h4><p>Sollten die Sie betreffenden Angaben nicht (mehr) zutreffend sein, k\u00f6nnen Sie nach Art. 16 DS-GVO eine Berichtigung verlangen. Sollten Ihre Daten unvollst\u00e4ndig sein, k\u00f6nnen Sie eine Vervollst\u00e4ndigung verlangen.<\/p><h4><strong>d. Recht auf L\u00f6schung<\/strong><\/h4><p>Sie k\u00f6nnen nach Art. 17 DS-GVO die L\u00f6schung Ihrer personenbezogenen Daten verlangen.<\/p><h4><strong>e. Recht auf Einschr\u00e4nkung der Verarbeitung<\/strong><\/h4><p>Sie haben nach Art. 18 DS-GVO das Recht, eine Einschr\u00e4nkung der Verarbeitung Ihrer personenbezogenen Daten zu verlangen.<\/p><h4><strong>f. Recht auf Beschwerde<\/strong><\/h4><p>Wenn Sie der Ansicht sind, dass die Verarbeitung Ihrer personenbezogenen Daten gegen Datenschutzrecht verst\u00f6\u00dft, haben Sie nach Ar. 77 Abs. 1 DS-GVO das Recht, sich bei einer Datenschutzaufsichtsbeh\u00f6rde eigener Wahl zu beschweren. <\/p><h4><strong>g. Recht auf Daten\u00fcbertragbarkeit<\/strong><\/h4><p>F\u00fcr den Fall, dass die Voraussetzungen des Art. 20 Abs. 1 DS-GVO vorliegen, steht Ihnen das Recht zu, sich Daten, die wir auf Grundlage Ihrer Einwilligung oder in Erf\u00fcllung eines Vertrags automatisiert verarbeiten, an sich oder an Dritte aush\u00e4ndigen zu lassen. Die Erfassung der Daten zur Bereitstellung der Website und die Speicherung der Protokolldateien sind f\u00fcr den Betrieb der Internetseite zwingend erforderlich. Sie beruhen daher nicht auf einer Einwilligung nach Art. 6 Abs. 1 Buchstabe a DS-GVO oder auf einem Vertrag nach Art. 6 Abs. 1 Buchstabe b DS-GVO, sondern sind nach Art. 6 Abs. 1 Buchstabe f DS-GVO gerechtfertigt. Die Voraussetzungen des Art. 20 Abs. 1 DS-GVO sind demnach insoweit nicht erf\u00fcllt.<\/p><h2><strong>II. Recht auf Widerspruch gem\u00e4\u00df Art. 21 Abs. 1 DS-GVO<\/strong><\/h2><p>Sie haben das Recht, aus Gr\u00fcnden, die sich aus Ihrer besonderen Situation ergeben, jederzeit gegen die Verarbeitung Ihrer personenbezogenen Daten, die aufgrund von Artikel 6 Abs. 1 Buchstabe f DS-GVO erfolgt, Widerspruch einzulegen. Der Verantwortliche verarbeitet die personenbezogenen Daten dann nicht mehr, es sei denn, er kann zwingende schutzw\u00fcrdige Gr\u00fcnde f\u00fcr die Verarbeitung nachweisen, die die Interessen, Rechte und Freiheiten der betroffenen Person \u00fcberwiegen, oder die Verarbeitung dient der Geltendmachung, Aus\u00fcbung oder Verteidigung von Rechtsanspr\u00fcchen. Die Erfassung der Daten zur Bereitstellung der Website und die Speicherung der Protokolldateien sind f\u00fcr den Betrieb der Internetseite zwingend erforderlich.<\/p><p>\u00a0<\/p><h2 class=\"wp-block-heading\"><strong>Kontaktformular<\/strong><\/h2><p>Wenn Sie uns per Kontaktformular Anfragen zukommen lassen, werden Ihre Angaben aus dem Anfrageformular inklusive der von Ihnen dort angegebenen Kontaktdaten zwecks Bearbeitung der Anfrage und f\u00fcr den Fall von Anschlussfragen bei uns gespeichert und verarbeitet. Ihre Daten werden ausschlie\u00dflich zweckgebunden zur Beantwortung und Bearbeitung Ihrer Frage genutzt. Die Datenverarbeitung erfolgt hier nach <a href=\"https:\/\/dr-dsgvo.de\/artikel-6-dsgvo\/\" target=\"_blank\" rel=\"noreferrer noopener\" data-type=\"post\" data-id=\"1719\">Art. 6 Abs. S. 1 lit. f DSGVO<\/a> auf Grundlage des berechtigten Interesses.<\/p><p>F\u00fcr den Fall der Betrugserkennung oder zur Erkennung von Missbrauch, etwa zum Aufdecken von Hackerangriffen, behalten wir uns das Recht vor, Ihre Netzwerkdaten nur zu diesem Zweck zu speichern.<\/p><p>\u00a0<\/p><p>\u00a0<\/p>\t\t\t\t\t\t<\/div>\n\t\t\t\t<\/div>\n\t\t\t\t\t<\/div>\n\t\t\t\t<\/div>\n\t\t\t\t\t\t\t<\/div>\n\t\t","protected":false},"excerpt":{"rendered":"<p>I.\u00a0Informationen \u00fcber die Verarbeitung Ihrer Daten gem\u00e4\u00df Art. 13 der Datenschutz-Grundverordnung (DS-GVO) 1.\u00a0Verantwortlicher und Datenschutzbeauftragter Verantwortlich f\u00fcr diese Website ist Falk Hofmann Holzkaute 15a, 34628 Willingshausen info@fliesenleger-falk.de. 2. Daten, die f\u00fcr die Bereitstellung der Website und die Erstellung der Protokolldateien verarbeitet werden a. Welche Daten werden f\u00fcr welchen Zweck verarbeitet? Bei jedem Zugriff auf Inhalte [&hellip;]<\/p>\n","protected":false},"author":1,"featured_media":0,"parent":0,"menu_order":0,"comment_status":"closed","ping_status":"closed","template":"","meta":{"footnotes":""},"class_list":["post-544","page","type-page","status-publish","hentry"],"_links":{"self":[{"href":"https:\/\/fliesenleger-falk.de\/index.php?rest_route=\/wp\/v2\/pages\/544","targetHints":{"allow":["GET"]}}],"collection":[{"href":"https:\/\/fliesenleger-falk.de\/index.php?rest_route=\/wp\/v2\/pages"}],"about":[{"href":"https:\/\/fliesenleger-falk.de\/index.php?rest_route=\/wp\/v2\/types\/page"}],"author":[{"embeddable":true,"href":"https:\/\/fliesenleger-falk.de\/index.php?rest_route=\/wp\/v2\/users\/1"}],"replies":[{"embeddable":true,"href":"https:\/\/fliesenleger-falk.de\/index.php?rest_route=%2Fwp%2Fv2%2Fcomments&post=544"}],"version-history":[{"count":4,"href":"https:\/\/fliesenleger-falk.de\/index.php?rest_route=\/wp\/v2\/pages\/544\/revisions"}],"predecessor-version":[{"id":549,"href":"https:\/\/fliesenleger-falk.de\/index.php?rest_route=\/wp\/v2\/pages\/544\/revisions\/549"}],"wp:attachment":[{"href":"https:\/\/fliesenleger-falk.de\/index.php?rest_route=%2Fwp%2Fv2%2Fmedia&parent=544"}],"curies":[{"name":"wp","href":"https:\/\/api.w.org\/{rel}","templated":true}]}}